{"id":10,"date":"2020-07-04T20:42:02","date_gmt":"2020-07-04T20:42:02","guid":{"rendered":"https:\/\/www.recyshred.ca\/?page_id=10"},"modified":"2025-05-29T14:34:19","modified_gmt":"2025-05-29T14:34:19","slug":"a-propos","status":"publish","type":"page","link":"https:\/\/www.recyshred.ca\/fr\/a-propos\/","title":{"rendered":"\u00c0 propos"},"content":{"rendered":"<section class=\"top_container\">\n<div class=\"container\">\n<div class=\"row\">\n<div class=\"col-xl-6\">\n<div class=\"lc-block text-center text-xl-left\">\n<div editable=\"rich\">\n<h1>Chez Recyshred, nous nous chargeons du <strong>d\u00e9chiquetage<\/strong> des documents <strong>confidentiels<\/strong> de votre entreprise \u00e0 Gatineau et Ottawa&nbsp;<\/h1>\n<\/div>\n<\/div>\n<p><!-- \/lc-block --><\/p>\n<div class=\"lc-block text-center text-xl-left\">\n<div lc-helper=\"shortcode\" class=\"live-shortcode\"><a class=\"contact btn\" href=\"https:\/\/www.recyshred.ca\/fr\/contact\/\" aria-label=\"Obtenez un devis\">Obtenez un devis<\/a><\/div>\n<\/p><\/div>\n<p><!-- \/lc-block -->\n\t\t\t<\/div>\n<p><!-- \/col --><\/p>\n<div class=\"col-xl-6 d-none d-xl-block\">\n<div class=\"lc-block svg_bubble w-100\">\n<div lc-helper=\"shortcode\" class=\"live-shortcode\"><svg xmlns=\"http:\/\/www.w3.org\/2000\/svg\" width=\"705.611\" height=\"424.121\" viewBox=\"0 0 705.611 424.121\" class=\"w-100\"><path d=\"M1107,328.707S951.32,349.915,1002.393,513.7s306.579,151.152,493.957,224.8S1751.464,550.141,1652,428.6,1107,328.707,1107,328.707Z\" transform=\"translate(-992.104 -327.215)\" fill=\"#f8f8f8\" opacity=\"0.503\"\/><\/svg><\/div>\n<\/p><\/div>\n<p><!-- \/lc-block --><\/p>\n<div class=\"lc-block site-title-img text-center\">\n\t\t\t\t\t<img decoding=\"async\" class=\"img-fluid rounded-circle\" src=\"https:\/\/www.recyshred.ca\/wp-content\/uploads\/2020\/07\/side-title-img.jpg\" alt=\"\">\n\t\t\t\t<\/div>\n<p><!-- \/lc-block -->\n\t\t\t<\/div>\n<p><!-- \/col --><\/p>\n<div class=\"col-md-12\">\n<div class=\"lc-block down-arrow d-none d-xl-flex\">\n\t\t\t\t\t<img decoding=\"async\" class=\"img-fluid\" src=\"https:\/\/www.recyshred.ca\/wp-content\/uploads\/2020\/07\/down-arrow.png\" alt=\"\">\n\t\t\t\t<\/div>\n<p><!-- \/lc-block --><\/p>\n<div class=\"lc-block sub-titles text-center\">\n<div editable=\"rich\">\n<h2>Avez-vous des documents confidentiels \u00e0 d\u00e9truire?<\/h2>\n<p>Profitez de nos services de d\u00e9chiquetage \u00e0 Gatineau et Ottawa<\/p>\n<\/p><\/div>\n<\/p><\/div>\n<p><!-- \/lc-block -->\n\t\t\t<\/div>\n<p><!-- \/col -->\n\t\t<\/div>\n<\/p><\/div>\n<\/section>\n<section class=\"main_container\">\n<div class=\"container\">\n<div class=\"row\">\n<div class=\"col-lg-8 col-xxl-6 ml-auto\">\n<div class=\"lc-block main_text\">\n<div editable=\"rich\">\n<h2>Qui sommes-nous?<\/h2>\n<p>Depuis 2006, Recyshred aide les entreprises de l\u2019Outaouais \u00e0 prot\u00e9ger leurs donn\u00e9es sensibles gr\u00e2ce \u00e0 des technologies modernes de d\u00e9chiquetage. Nos camions mobiles interviennent directement sur place, et la destruction est r\u00e9alis\u00e9e imm\u00e9diatement sous supervision.<\/p>\n<p>Nous contribuons aussi \u00e0 la pr\u00e9servation de l\u2019environnement : tout le papier est recycl\u00e9 et nos \u00e9quipements r\u00e9duisent les \u00e9missions polluantes.&nbsp;<\/p>\n<\/p><\/div>\n<\/p><\/div>\n<p><!-- \/lc-block --><\/p>\n<div class=\"lc-block\">\n<div lc-helper=\"shortcode\" class=\"live-shortcode\"><a class=\"contact btn\" href=\"https:\/\/www.recyshred.ca\/fr\/contact\/\" aria-label=\"Obtenez de l&rsquo;information\">Obtenez de l&rsquo;information<\/a><\/div>\n<\/p><\/div>\n<p><!-- \/lc-block -->\n\t\t\t<\/div>\n<p><!-- \/col --><\/p>\n<div class=\"col-lg-4 col-xxl-3 mr-auto\">\n<div class=\"lc-block d-none d-lg-block\">\n\t\t\t\t\t<img decoding=\"async\" class=\"img-fluid\" src=\"https:\/\/www.recyshred.ca\/wp-content\/uploads\/2020\/07\/istockphoto-481944542-1024x1024-1.png\" alt=\"\">\n\t\t\t\t<\/div>\n<p><!-- \/lc-block -->\n\t\t\t<\/div>\n<p><!-- \/col -->\n\t\t<\/div>\n<\/p><\/div>\n<\/section>\n<section class=\"green_container text-center\">\n<div class=\"container\">\n<div class=\"row\">\n<div class=\"col-lg-10 col-xxl-6 mx-auto\">\n<div class=\"lc-block\">\n<div editable=\"rich\">\n<h3>Ce qu\u2019il faut retenir<br \/><\/h3>\n<\/p><\/div>\n<\/p><\/div>\n<p><!-- \/lc-block --><\/p>\n<div class=\"lc-block white-block text-left\">\n<div editable=\"rich\">\n<ul>\n<li>La destruction a lieu directement \u00e0 votre porte.<\/li>\n<li>Le processus est rapide, s\u00e9curis\u00e9 et conforme aux normes.<\/li>\n<li>Certificat de destruction \u00e9mis \u00e0 chaque intervention.<\/li>\n<li>Tous les documents d\u00e9truits sont recycl\u00e9s.<\/li>\n<\/ul>\n<p>Vous avez plus que questions? <a class=\"\" href=\"https:\/\/www.recyshred.ca\/fr\/fa\/\" aria-label=\"Cliquez ici\">Cliquez ici<\/a> !<\/p>\n<\/p><\/div>\n<\/p><\/div>\n<p><!-- \/lc-block --><br \/>\n\t\t\t\t<!-- \/lc-block --><\/p>\n<div class=\"lc-block\">\n<div lc-helper=\"shortcode\" class=\"live-shortcode\"><a class=\"contact btn white\" href=\"https:\/\/www.recyshred.ca\/fr\/contact\/\" aria-label=\"Contactez-nous\">Contactez-nous<\/a><\/div>\n<\/p><\/div>\n<p><!-- \/lc-block -->\n\t\t\t<\/div>\n<p><!-- \/col -->\n\t\t<\/div>\n<\/p><\/div>\n<\/section>\n<section>\n<div lc-helper=\"shortcode\" class=\"live-shortcode\"><div class=\"temoignages_container\"><div class=\"container\"><div class=\"row\"><div class=\"col-12 col-lg-8 col-xl-6 col-xxl-5 mx-auto\"><div class=\"lesTemoignages\"><h5>T\u00e9moignage<\/h5><div class=\"temoignages_slider\"><div><h6>Nous nous sentons en v\u00e9ritable confiance!<\/h6>\n<div class=\"content\">\n<p>Pour PPTA, Recyshred repr\u00e9sente une valeur s\u00fbre et des gens courtois, efficaces et fiables. Nous nous sentons en v\u00e9ritable confiance!<\/p>\n<\/div>\n<div class=\"clear\"><\/div>\n<\/div><div><h6>Service personnalis\u00e9, abordable, courtois, discret et fiable.<\/h6>\n<p>Pour des avocats et des notaires, la pr\u00e9servation du secret professionnel est prioritaire. Ainsi, D\u00e9carie Fortin a mandat\u00e9 Recyshred pour la destruction de nos pr\u00e9cieux documents confidentiels. Service personnalis\u00e9, abordable, courtois, discret et fiable... sans oublier l'esth\u00e9tisme de leurs petites boites et leur souci de l'environnement, sont les raisons pour lesquelles nous continuons depuis plusieurs ann\u00e9es maintenant de leur faire confiance.<br \/>\n<strong>Me Sophie-Anne D\u00e9carie, Avocate, Associ\u00e9e<\/strong><\/p>\n<\/div><\/div><\/div><\/div><\/div><\/div><\/div><\/div>\n<\/section>\n","protected":false},"excerpt":{"rendered":"<p>Chez Recyshred, nous nous chargeons du d\u00e9chiquetage des documents confidentiels de votre entreprise \u00e0 Gatineau et Ottawa&nbsp; Avez-vous des documents confidentiels \u00e0 d\u00e9truire? Profitez de nos services de d\u00e9chiquetage \u00e0 Gatineau et Ottawa Qui sommes-nous? Depuis 2006, Recyshred aide les entreprises de l\u2019Outaouais \u00e0 prot\u00e9ger leurs donn\u00e9es sensibles gr\u00e2ce \u00e0 des technologies modernes de d\u00e9chiquetage. [&hellip;]<\/p>\n","protected":false},"author":1,"featured_media":0,"parent":0,"menu_order":0,"comment_status":"closed","ping_status":"closed","template":"","meta":{"footnotes":""},"class_list":["post-10","page","type-page","status-publish","hentry"],"_links":{"self":[{"href":"https:\/\/www.recyshred.ca\/fr\/wp-json\/wp\/v2\/pages\/10","targetHints":{"allow":["GET"]}}],"collection":[{"href":"https:\/\/www.recyshred.ca\/fr\/wp-json\/wp\/v2\/pages"}],"about":[{"href":"https:\/\/www.recyshred.ca\/fr\/wp-json\/wp\/v2\/types\/page"}],"author":[{"embeddable":true,"href":"https:\/\/www.recyshred.ca\/fr\/wp-json\/wp\/v2\/users\/1"}],"replies":[{"embeddable":true,"href":"https:\/\/www.recyshred.ca\/fr\/wp-json\/wp\/v2\/comments?post=10"}],"version-history":[{"count":8,"href":"https:\/\/www.recyshred.ca\/fr\/wp-json\/wp\/v2\/pages\/10\/revisions"}],"predecessor-version":[{"id":184,"href":"https:\/\/www.recyshred.ca\/fr\/wp-json\/wp\/v2\/pages\/10\/revisions\/184"}],"wp:attachment":[{"href":"https:\/\/www.recyshred.ca\/fr\/wp-json\/wp\/v2\/media?parent=10"}],"curies":[{"name":"wp","href":"https:\/\/api.w.org\/{rel}","templated":true}]}}