{"id":12,"date":"2020-07-04T20:42:56","date_gmt":"2020-07-04T20:42:56","guid":{"rendered":"https:\/\/www.recyshred.ca\/?page_id=12"},"modified":"2025-05-29T14:33:37","modified_gmt":"2025-05-29T14:33:37","slug":"destruction-de-documents","status":"publish","type":"page","link":"https:\/\/www.recyshred.ca\/fr\/destruction-de-documents\/","title":{"rendered":"Destruction de documents"},"content":{"rendered":"<section class=\"top_container\">\n<div class=\"container\">\n<div class=\"row\">\n<div class=\"col-xl-6\">\n<div class=\"lc-block text-center text-xl-left\">\n<div editable=\"rich\">\n<h1>Vous avez des <strong>documents confidentiels ou officiels<\/strong> \u00e0 d\u00e9truire? Recyshred est votre sp\u00e9cialiste en <strong>destruction s\u00e9curis\u00e9e de documents<\/strong> \u00e0 Gatineau. Nous intervenons rapidement pour prot\u00e9ger vos informations sensibles.<\/h1>\n<\/div>\n<\/div>\n<p><!-- \/lc-block --><\/p>\n<div class=\"lc-block text-center text-xl-left\">\n<div lc-helper=\"shortcode\" class=\"live-shortcode\"><a class=\"contact btn\" href=\"https:\/\/www.recyshred.ca\/fr\/contact\/\" aria-label=\"Obtenez un devis\">Obtenez un devis<\/a><\/div>\n<\/p><\/div>\n<p><!-- \/lc-block -->\n\t\t\t<\/div>\n<p><!-- \/col --><\/p>\n<div class=\"col-xl-6 d-none d-xl-block\">\n<div class=\"lc-block svg_bubble w-100\">\n<div lc-helper=\"shortcode\" class=\"live-shortcode\"><svg xmlns=\"http:\/\/www.w3.org\/2000\/svg\" width=\"705.611\" height=\"424.121\" viewBox=\"0 0 705.611 424.121\" class=\"w-100\"><path d=\"M1107,328.707S951.32,349.915,1002.393,513.7s306.579,151.152,493.957,224.8S1751.464,550.141,1652,428.6,1107,328.707,1107,328.707Z\" transform=\"translate(-992.104 -327.215)\" fill=\"#f8f8f8\" opacity=\"0.503\"\/><\/svg><\/div>\n<\/p><\/div>\n<p><!-- \/lc-block --><\/p>\n<div class=\"lc-block site-title-img text-center\">\n\t\t\t\t\t<img decoding=\"async\" class=\"img-fluid rounded-circle\" src=\"https:\/\/www.recyshred.ca\/wp-content\/uploads\/2020\/07\/side-title-img.jpg\" alt=\"\">\n\t\t\t\t<\/div>\n<p><!-- \/lc-block -->\n\t\t\t<\/div>\n<p><!-- \/col --><\/p>\n<div class=\"col-md-12\">\n<div class=\"lc-block down-arrow d-none d-xl-flex\">\n\t\t\t\t\t<img decoding=\"async\" class=\"img-fluid\" src=\"https:\/\/www.recyshred.ca\/wp-content\/uploads\/2020\/07\/down-arrow.png\" alt=\"\">\n\t\t\t\t<\/div>\n<p><!-- \/lc-block --><\/p>\n<div class=\"lc-block sub-titles text-center\">\n<div editable=\"rich\">\n<h2>Des documents confidentiels \u00e0 d\u00e9truire?<\/h2>\n<p>Faites appel \u00e0 notre service de d\u00e9chiquetage s\u00e9curis\u00e9 \u00e0 Gatineau, rapide et fiable.<\/p>\n<\/p><\/div>\n<\/p><\/div>\n<p><!-- \/lc-block -->\n\t\t\t<\/div>\n<p><!-- \/col -->\n\t\t<\/div>\n<\/p><\/div>\n<\/section>\n<section class=\"main_container destruction\">\n<div class=\"container\">\n<div class=\"row\">\n<div class=\"col-lg-8 col-xxl-6 ml-auto\">\n<div class=\"lc-block main_text\">\n<div editable=\"rich\">\n<h2>Destruction de documents confidentiels \u00e0 Gatineau et Ottawa \u2013 Service mobile et s\u00e9curis\u00e9<\/h2>\n<p>Pour la destruction de documents confidentiels \u00e0 Gatineau, Recyshred intervient directement chez vous, dans votre entreprise ou \u00e0 domicile. Notre service de d\u00e9chiquetage mobile r\u00e9pond aux plus hautes exigences des entreprises, des institutions et des organisations en mati\u00e8re de confidentialit\u00e9 et de conformit\u00e9 l\u00e9gale.<\/p>\n<p>Gr\u00e2ce \u00e0 notre flotte de camions \u00e9quip\u00e9s de technologies performantes, vos documents ne quittent jamais vos locaux sans \u00eatre d\u00e9truits sur place. Vous assistez au processus, en toute transparence.<\/p>\n<p>Et ce n\u2019est pas tout :&nbsp;<br \/>En plus de la destruction de documents papier, nous prenons en charge la destruction s\u00e9curis\u00e9e de mat\u00e9riel informatique, vid\u00e9os, textiles et marchandises p\u00e9rim\u00e9es.<\/p>\n<p>Que vous soyez particulier, PME, commerce, industrie ou organisme gouvernemental, Recyshred vous propose une solution sur mesure, fiable et conforme.&nbsp;<\/p>\n<\/p><\/div>\n<\/p><\/div>\n<p><!-- \/lc-block --><\/p>\n<div class=\"lc-block\">\n<div lc-helper=\"shortcode\" class=\"live-shortcode\"><a class=\"contact btn\" href=\"https:\/\/www.recyshred.ca\/fr\/contact\/\" aria-label=\"Obtenez de l&rsquo;information\">Obtenez de l&rsquo;information<\/a><\/div>\n<\/p><\/div>\n<p><!-- \/lc-block -->\n\t\t\t<\/div>\n<p><!-- \/col --><\/p>\n<div class=\"col-lg-4 col-xxl-3 mr-auto\">\n<div class=\"lc-block d-none d-lg-block\">\n\t\t\t\t\t<img decoding=\"async\" class=\"img-fluid\" src=\"https:\/\/www.recyshred.ca\/wp-content\/uploads\/2020\/07\/istockphoto-481944542-1024x1024-1.png\" alt=\"\">\n\t\t\t\t<\/div>\n<p><!-- \/lc-block -->\n\t\t\t<\/div>\n<p><!-- \/col -->\n\t\t<\/div>\n<\/p><\/div>\n<\/section>\n<section class=\"green_container destruction text-center\">\n<div class=\"container\">\n<div class=\"row\">\n<div class=\"col-lg-10 col-xxl-6 mx-auto\">\n<div class=\"lc-block\">\n<div editable=\"rich\">\n<h3>Nos services<br \/><\/h3>\n<\/p><\/div>\n<\/p><\/div>\n<p><!-- \/lc-block --><\/p>\n<div class=\"lc-block white-block\">\n<div editable=\"rich\">\n<h4>Service de d\u00e9chiquetage r\u00e9gulier \u2013 S\u00e9curis\u00e9 et sans tracas<\/h4>\n<p>Chez Recyshred, notre service de destruction r\u00e9guli\u00e8re de documents confidentiels \u00e0 Gatineau et en Outaouais est con\u00e7u pour simplifier la gestion continue de vos renseignements sensibles.<\/p>\n<p>Nous mettons gratuitement \u00e0 votre disposition des consoles s\u00e9curis\u00e9es ou des bacs roulants verrouillables, install\u00e9s directement dans vos locaux. Vos employ\u00e9s peuvent y d\u00e9poser les documents \u00e0 d\u00e9truire en toute tranquillit\u00e9. D\u00e8s leur d\u00e9p\u00f4t, la confidentialit\u00e9 est assur\u00e9e.<\/p>\n<p>Un horaire de d\u00e9chiquetage adapt\u00e9 \u00e0 vos besoins est \u00e9tabli \u00e0 l\u2019avance, en fonction du volume de documents. Aucun appel ou suivi requis : notre \u00e9quipe se pr\u00e9sente selon l\u2019horaire pr\u00e9vu pour vider les contenants et proc\u00e9der \u00e0 la destruction sur place, en toute s\u00e9curit\u00e9.<\/p>\n<p>Recyshred vous offre une solution simple, fiable et enti\u00e8rement conforme \u00e0 vos obligations de confidentialit\u00e9.<\/p>\n<p>Vous pouvez choisir la fr\u00e9quence qui convient \u00e0 votre entreprise : hebdomadaire, mensuel ou sur mesure.&nbsp;<\/p>\n<\/p><\/div>\n<\/p><\/div>\n<p><!-- \/lc-block --><\/p>\n<div class=\"lc-block white-block\">\n<div editable=\"rich\">\n<h4>Service de destruction sur appel \u2013 Flexible et rapide<\/h4>\n<p>Vous avez une quantit\u00e9 importante de documents \u00e0 d\u00e9truire de mani\u00e8re ponctuelle? Notre service de d\u00e9chiquetage sur appel \u00e0 Gatineau et Ottawa est parfait pour :&nbsp;<\/p>\n<p>&nbsp;La destruction d\u2019anciens dossiers ou fichiers clients<br \/>La fin d\u2019ann\u00e9e fiscale ou un grand m\u00e9nage<br \/>Un d\u00e9m\u00e9nagement d\u2019entreprise<br \/>Une accumulation de documents sensibles&nbsp;<\/p>\n<p>Quel que soit le volume, notre \u00e9quipe se rend directement sur place et proc\u00e8de \u00e0 la destruction imm\u00e9diate et s\u00e9curis\u00e9e de vos documents confidentiels.&nbsp;<\/p>\n<p>&nbsp;Un certificat officiel de destruction vous est remis \u00e0 chaque visite.&nbsp;<\/p>\n<\/p><\/div>\n<\/p><\/div>\n<p><!-- \/lc-block --><br \/>\n\t\t\t\t<!--\n\n<div class=\"lc-block white-block\">\n\t\t\t\t\t\n\n<div editable=\"rich\">\n\t\t\t\t\t\t\n\n<h4>Disposez de vos ordinateurs<\/h4>\n\n\n\t\t\t\t\t\t\n\n<p>Recyshred est le chef de file pour la purge d\u2019ordinateurs. Nous utilisons une m\u00e9thode innovatrice pour assurer le traitement s\u00e9curitaire de l\u2019information, et nous d\u00e9mantelons par la suite vos ordinateurs \u00e0 des fins de recyclage.<\/p>\n\n\n\t\t\t\t\t<\/div>\n\n\n\t\t\t\t<\/div>\n\n<!-- \/lc-block --><\/p>\n<div class=\"lc-block\">\n<div lc-helper=\"shortcode\" class=\"live-shortcode\"><a class=\"contact btn white\" href=\"https:\/\/www.recyshred.ca\/fr\/contact\/\" aria-label=\"Contactez-nous\">Contactez-nous<\/a><\/div>\n<\/p><\/div>\n<p><!-- \/lc-block -->\n\t\t\t<\/div>\n<p><!-- \/col -->\n\t\t<\/div>\n<\/p><\/div>\n<\/section>\n<section>\n<div lc-helper=\"shortcode\" class=\"live-shortcode\"><div class=\"temoignages_container\"><div class=\"container\"><div class=\"row\"><div class=\"col-12 col-lg-8 col-xl-6 col-xxl-5 mx-auto\"><div class=\"lesTemoignages\"><h5>T\u00e9moignage<\/h5><div class=\"temoignages_slider\"><div><h6>Service personnalis\u00e9, abordable, courtois, discret et fiable.<\/h6>\n<p>Pour des avocats et des notaires, la pr\u00e9servation du secret professionnel est prioritaire. Ainsi, D\u00e9carie Fortin a mandat\u00e9 Recyshred pour la destruction de nos pr\u00e9cieux documents confidentiels. Service personnalis\u00e9, abordable, courtois, discret et fiable... sans oublier l'esth\u00e9tisme de leurs petites boites et leur souci de l'environnement, sont les raisons pour lesquelles nous continuons depuis plusieurs ann\u00e9es maintenant de leur faire confiance.<br \/>\n<strong>Me Sophie-Anne D\u00e9carie, Avocate, Associ\u00e9e<\/strong><\/p>\n<\/div><div><h6>Nous nous sentons en v\u00e9ritable confiance!<\/h6>\n<div class=\"content\">\n<p>Pour PPTA, Recyshred repr\u00e9sente une valeur s\u00fbre et des gens courtois, efficaces et fiables. Nous nous sentons en v\u00e9ritable confiance!<\/p>\n<\/div>\n<div class=\"clear\"><\/div>\n<\/div><\/div><\/div><\/div><\/div><\/div><\/div><\/div>\n<\/section>\n","protected":false},"excerpt":{"rendered":"<p>Vous avez des documents confidentiels ou officiels \u00e0 d\u00e9truire? Recyshred est votre sp\u00e9cialiste en destruction s\u00e9curis\u00e9e de documents \u00e0 Gatineau. Nous intervenons rapidement pour prot\u00e9ger vos informations sensibles. Des documents confidentiels \u00e0 d\u00e9truire? Faites appel \u00e0 notre service de d\u00e9chiquetage s\u00e9curis\u00e9 \u00e0 Gatineau, rapide et fiable. Destruction de documents confidentiels \u00e0 Gatineau et Ottawa \u2013 [&hellip;]<\/p>\n","protected":false},"author":1,"featured_media":0,"parent":0,"menu_order":0,"comment_status":"closed","ping_status":"closed","template":"","meta":{"footnotes":""},"class_list":["post-12","page","type-page","status-publish","hentry"],"_links":{"self":[{"href":"https:\/\/www.recyshred.ca\/fr\/wp-json\/wp\/v2\/pages\/12","targetHints":{"allow":["GET"]}}],"collection":[{"href":"https:\/\/www.recyshred.ca\/fr\/wp-json\/wp\/v2\/pages"}],"about":[{"href":"https:\/\/www.recyshred.ca\/fr\/wp-json\/wp\/v2\/types\/page"}],"author":[{"embeddable":true,"href":"https:\/\/www.recyshred.ca\/fr\/wp-json\/wp\/v2\/users\/1"}],"replies":[{"embeddable":true,"href":"https:\/\/www.recyshred.ca\/fr\/wp-json\/wp\/v2\/comments?post=12"}],"version-history":[{"count":9,"href":"https:\/\/www.recyshred.ca\/fr\/wp-json\/wp\/v2\/pages\/12\/revisions"}],"predecessor-version":[{"id":185,"href":"https:\/\/www.recyshred.ca\/fr\/wp-json\/wp\/v2\/pages\/12\/revisions\/185"}],"wp:attachment":[{"href":"https:\/\/www.recyshred.ca\/fr\/wp-json\/wp\/v2\/media?parent=12"}],"curies":[{"name":"wp","href":"https:\/\/api.w.org\/{rel}","templated":true}]}}