{"id":15,"date":"2020-07-04T20:43:35","date_gmt":"2020-07-04T20:43:35","guid":{"rendered":"https:\/\/www.recyshred.ca\/?page_id=15"},"modified":"2025-09-24T14:19:21","modified_gmt":"2025-09-24T14:19:21","slug":"equipements","status":"publish","type":"page","link":"https:\/\/www.recyshred.ca\/fr\/equipements\/","title":{"rendered":"\u00c9quipements"},"content":{"rendered":"<section class=\"top_container\">\n<div class=\"container\">\n<div class=\"row\">\n<div class=\"col-xl-6\">\n<div class=\"lc-block text-center text-xl-left\">\n<div editable=\"rich\">\n<h1>Chez Recyshred, nous avons les <strong>\u00e9quipements n\u00e9cessaires<\/strong> afin de vous aider \u00e0 vous d\u00e9barrasser de vos <strong>documents officiels<\/strong> \u00e0 Gatineau<\/h1>\n<\/p><\/div>\n<\/p><\/div>\n<p><!-- \/lc-block --><\/p>\n<div class=\"lc-block text-center text-xl-left\">\n<div lc-helper=\"shortcode\" class=\"live-shortcode\"><a class=\"contact btn\" href=\"https:\/\/www.recyshred.ca\/fr\/contact\/\" aria-label=\"Obtenez un devis\">Obtenez un devis<\/a><\/div>\n<\/p><\/div>\n<p><!-- \/lc-block -->\n\t\t\t<\/div>\n<p><!-- \/col --><\/p>\n<div class=\"col-xl-6 d-none d-xl-block\">\n<div class=\"lc-block svg_bubble w-100\">\n<div lc-helper=\"shortcode\" class=\"live-shortcode\"><svg xmlns=\"http:\/\/www.w3.org\/2000\/svg\" width=\"705.611\" height=\"424.121\" viewBox=\"0 0 705.611 424.121\" class=\"w-100\"><path d=\"M1107,328.707S951.32,349.915,1002.393,513.7s306.579,151.152,493.957,224.8S1751.464,550.141,1652,428.6,1107,328.707,1107,328.707Z\" transform=\"translate(-992.104 -327.215)\" fill=\"#f8f8f8\" opacity=\"0.503\"\/><\/svg><\/div>\n<\/p><\/div>\n<p><!-- \/lc-block --><\/p>\n<div class=\"lc-block site-title-img text-center\">\n\t\t\t\t\t<img decoding=\"async\" class=\"img-fluid rounded-circle\" src=\"https:\/\/www.recyshred.ca\/wp-content\/uploads\/2020\/07\/side-title-img.jpg\" alt=\"\">\n\t\t\t\t<\/div>\n<p><!-- \/lc-block -->\n\t\t\t<\/div>\n<p><!-- \/col --><\/p>\n<div class=\"col-md-12\">\n<div class=\"lc-block down-arrow d-none d-xl-flex\">\n\t\t\t\t\t<img decoding=\"async\" class=\"img-fluid\" src=\"https:\/\/www.recyshred.ca\/wp-content\/uploads\/2020\/07\/down-arrow.png\" alt=\"\">\n\t\t\t\t<\/div>\n<p><!-- \/lc-block --><\/p>\n<div class=\"lc-block sub-titles text-center\">\n<div editable=\"rich\">\n<h2>Prot\u00e9gez vos donn\u00e9es sensibles d\u00e8s aujourd\u2019hui!<\/h2>\n<p>Recyshred vous offre un service de destruction de documents confidentiels \u00e0 Gatineau.<\/p>\n<\/p><\/div>\n<\/p><\/div>\n<p><!-- \/lc-block -->\n\t\t\t<\/div>\n<p><!-- \/col -->\n\t\t<\/div>\n<\/p><\/div>\n<\/section>\n<section class=\"main_container destruction\">\n<div class=\"container\">\n<div class=\"row\">\n<div class=\"col-lg-8 col-xxl-6 ml-auto\">\n<div class=\"lc-block main_text\">\n<div editable=\"rich\">\n<h2>Des documents \u00e0 d\u00e9truire? Recyshred a l&rsquo;\u00e9quipement qu\u2019il vous faut \u00e0 Gatineau et Ottawa.<\/h2>\n<p>Que ce soit pour la destruction r\u00e9guli\u00e8re ou ponctuelle de documents confidentiels, Recyshred vous propose des solutions sur mesure, accompagn\u00e9es des meilleurs \u00e9quipements \u00e0 Gatineau, Ottawa et partout en Outaouais.<\/p>\n<p>Nos experts vous conseillent sur le type d\u2019\u00e9quipement de d\u00e9chiquetage le mieux adapt\u00e9 \u00e0 vos besoins : bacs roulants, consoles s\u00e9curis\u00e9es ou bacs de proximit\u00e9. L\u2019important? Rendre le geste aussi simple que possible pour favoriser l\u2019adh\u00e9sion de vos employ\u00e9s.<\/p>\n<p>Recyshred offre \u00e9galement la formation gratuite de votre personnel lors de l\u2019implantation du syst\u00e8me de destruction dans votre entreprise.<\/p>\n<p>Faites de la protection des donn\u00e9es un automatisme \u2014 avec l\u2019\u00e9quipement et le soutien de Recyshred.<\/p>\n<\/p><\/div>\n<\/p><\/div>\n<p><!-- \/lc-block --><\/p>\n<div class=\"lc-block\">\n<div lc-helper=\"shortcode\" class=\"live-shortcode\"><a class=\"contact btn\" href=\"https:\/\/www.recyshred.ca\/fr\/contact\/\" aria-label=\"Obtenez de l&rsquo;information\">Obtenez de l&rsquo;information<\/a><\/div>\n<\/p><\/div>\n<p><!-- \/lc-block -->\n\t\t\t<\/div>\n<p><!-- \/col --><\/p>\n<div class=\"col-lg-4 col-xxl-3 mr-auto\">\n<div class=\"lc-block d-none d-lg-block\">\n\t\t\t\t\t<img decoding=\"async\" class=\"img-fluid\" src=\"https:\/\/www.recyshred.ca\/wp-content\/uploads\/2020\/07\/istockphoto-481944542-1024x1024-1.png\" alt=\"\">\n\t\t\t\t<\/div>\n<p><!-- \/lc-block -->\n\t\t\t<\/div>\n<p><!-- \/col -->\n\t\t<\/div>\n<\/p><\/div>\n<\/section>\n<section class=\"green_container text-center\">\n<div class=\"container\">\n<div class=\"row\">\n<div class=\"col-lg-10 col-xxl-6 mx-auto\">\n<div class=\"lc-block\">\n<div editable=\"rich\">\n<h3>Nos \u00e9quipements<br \/><\/h3>\n<\/p><\/div>\n<\/p><\/div>\n<p><!-- \/lc-block --><\/p>\n<div class=\"lc-block white-block\">\n<div editable=\"rich\">\n<h4>BAC ROULANT<\/h4>\n<p>Id\u00e9al pour un usage en entreprise, le bac roulant facilite le d\u00e9placement s\u00e9curis\u00e9 des documents \u00e0 d\u00e9truire.<\/p>\n<p>Chez Recyshred, nos bacs sont disponibles en formats de 240 ou 360 litres et peuvent \u00eatre verrouill\u00e9s selon vos besoins, assurant une protection optimale jusqu\u2019\u00e0 la destruction.<\/p>\n<\/p><\/div>\n<\/p><\/div>\n<p><!-- \/lc-block --><\/p>\n<div class=\"lc-block white-block\">\n<div editable=\"rich\">\n<h4>CONSOLE S\u00c9CURIS\u00c9E<\/h4>\n<p>Discr\u00e8te et fonctionnelle, notre console s\u2019int\u00e8gre parfaitement \u00e0 tous les environnements professionnels.<\/p>\n<p>Disponible en plusieurs couleurs et dimensions, elle peut se glisser sous un bureau ou m\u00eame servir de table d\u2019appoint. Solution id\u00e9ale pour les bureaux d\u2019avocats, comptables, cliniques ou PME.<\/p>\n<\/p><\/div>\n<\/p><\/div>\n<p><!-- \/lc-block --><\/p>\n<div class=\"lc-block white-block\">\n<div editable=\"rich\">\n<h4>BAC DE DOCUMENTATION CONFIDENTIELLE (9 GALLONS)<\/h4>\n<p>Compact (30 litres) et verrouillable, ce bac de proximit\u00e9 est con\u00e7u pour \u00eatre install\u00e9 \u00e0 c\u00f4t\u00e9 d\u2019un poste de travail. Il permet de s\u00e9curiser imm\u00e9diatement les documents sensibles avant leur destruction.<\/p>\n<p>Un indispensable pour les espaces de travail qui manipulent des donn\u00e9es confidentielles au quotidien.<\/p>\n<\/p><\/div>\n<\/p><\/div>\n<p><!-- \/lc-block --><\/p>\n<div class=\"lc-block\">\n<div lc-helper=\"shortcode\" class=\"live-shortcode\"><a class=\"contact btn white\" href=\"https:\/\/www.recyshred.ca\/fr\/contact\/\" aria-label=\"Contactez-nous\">Contactez-nous<\/a><\/div>\n<\/p><\/div>\n<p><!-- \/lc-block -->\n\t\t\t<\/div>\n<p><!-- \/col -->\n\t\t<\/div>\n<\/p><\/div>\n<\/section>\n<section>\n<div lc-helper=\"shortcode\" class=\"live-shortcode\"><div class=\"temoignages_container\"><div class=\"container\"><div class=\"row\"><div class=\"col-12 col-lg-8 col-xl-6 col-xxl-5 mx-auto\"><div class=\"lesTemoignages\"><h5>T\u00e9moignage<\/h5><div class=\"temoignages_slider\"><div><h6>Service personnalis\u00e9, abordable, courtois, discret et fiable.<\/h6>\n<p>Pour des avocats et des notaires, la pr\u00e9servation du secret professionnel est prioritaire. Ainsi, D\u00e9carie Fortin a mandat\u00e9 Recyshred pour la destruction de nos pr\u00e9cieux documents confidentiels. Service personnalis\u00e9, abordable, courtois, discret et fiable... sans oublier l'esth\u00e9tisme de leurs petites boites et leur souci de l'environnement, sont les raisons pour lesquelles nous continuons depuis plusieurs ann\u00e9es maintenant de leur faire confiance.<br \/>\n<strong>Me Sophie-Anne D\u00e9carie, Avocate, Associ\u00e9e<\/strong><\/p>\n<\/div><div><h6>Nous nous sentons en v\u00e9ritable confiance!<\/h6>\n<div class=\"content\">\n<p>Pour PPTA, Recyshred repr\u00e9sente une valeur s\u00fbre et des gens courtois, efficaces et fiables. Nous nous sentons en v\u00e9ritable confiance!<\/p>\n<\/div>\n<div class=\"clear\"><\/div>\n<\/div><\/div><\/div><\/div><\/div><\/div><\/div><\/div>\n<\/section>\n","protected":false},"excerpt":{"rendered":"<p>Chez Recyshred, nous avons les \u00e9quipements n\u00e9cessaires afin de vous aider \u00e0 vous d\u00e9barrasser de vos documents officiels \u00e0 Gatineau Prot\u00e9gez vos donn\u00e9es sensibles d\u00e8s aujourd\u2019hui! Recyshred vous offre un service de destruction de documents confidentiels \u00e0 Gatineau. Des documents \u00e0 d\u00e9truire? Recyshred a l&rsquo;\u00e9quipement qu\u2019il vous faut \u00e0 Gatineau et Ottawa. Que ce soit [&hellip;]<\/p>\n","protected":false},"author":1,"featured_media":0,"parent":0,"menu_order":0,"comment_status":"closed","ping_status":"closed","template":"","meta":{"footnotes":""},"class_list":["post-15","page","type-page","status-publish","hentry"],"_links":{"self":[{"href":"https:\/\/www.recyshred.ca\/fr\/wp-json\/wp\/v2\/pages\/15","targetHints":{"allow":["GET"]}}],"collection":[{"href":"https:\/\/www.recyshred.ca\/fr\/wp-json\/wp\/v2\/pages"}],"about":[{"href":"https:\/\/www.recyshred.ca\/fr\/wp-json\/wp\/v2\/types\/page"}],"author":[{"embeddable":true,"href":"https:\/\/www.recyshred.ca\/fr\/wp-json\/wp\/v2\/users\/1"}],"replies":[{"embeddable":true,"href":"https:\/\/www.recyshred.ca\/fr\/wp-json\/wp\/v2\/comments?post=15"}],"version-history":[{"count":9,"href":"https:\/\/www.recyshred.ca\/fr\/wp-json\/wp\/v2\/pages\/15\/revisions"}],"predecessor-version":[{"id":192,"href":"https:\/\/www.recyshred.ca\/fr\/wp-json\/wp\/v2\/pages\/15\/revisions\/192"}],"wp:attachment":[{"href":"https:\/\/www.recyshred.ca\/fr\/wp-json\/wp\/v2\/media?parent=15"}],"curies":[{"name":"wp","href":"https:\/\/api.w.org\/{rel}","templated":true}]}}