{"id":18,"date":"2020-07-04T20:44:28","date_gmt":"2020-07-04T20:44:28","guid":{"rendered":"https:\/\/www.recyshred.ca\/?page_id=18"},"modified":"2024-10-22T13:19:28","modified_gmt":"2024-10-22T13:19:28","slug":"fa","status":"publish","type":"page","link":"https:\/\/www.recyshred.ca\/fr\/fa\/","title":{"rendered":"FAQ"},"content":{"rendered":"<section class=\"faq-container\">\n<div class=\"container\">\n<div class=\"row\">\n<div class=\"col-xl-10 col-xxl-9 mx-auto\">\n<div class=\"lc-block text-center\">\n<div editable=\"rich\">\n<h2>FAQ<\/h2>\n<\/div><\/div>\n<p><!-- \/lc-block --><\/p>\n<div class=\"lc-block faq-content\">\n<div lc-helper=\"shortcode\" class=\"live-shortcode\"><div class=\"faq-list\"><div class=\"faq\" id=\"faq-62\"><h3 class=\"faq-question more collapsed\" data-toggle=\"collapse\" data-target=\"#faq-answer-62\" aria-expanded=\"false\" aria-controls=\"faq-answer-62\">Que faites-vous du papier ?<\/h3><div class=\"faq-answer panel-collapse collapse\" id=\"faq-answer-62\"><p><p class=\"western\" lang=\"fr-CA\"><span style=\"font-family: Calibri, sans-serif;\"><span style=\"font-size: medium;\">Chez Recyshred, nous agissons de mani\u00e8re proactive pour la protection de l\u2019environnement. Toutes vos archives, une fois d\u00e9truites, seront achemin\u00e9es vers un centre sp\u00e9cialement agr\u00e9\u00e9 de recyclage des mati\u00e8res.<\/span><\/span><\/p>\r\n<p class=\"western\" lang=\"fr-CA\"><strong><span style=\"font-family: Calibri, sans-serif;\"><span style=\"font-size: medium;\">Une tonne de papier n\u00e9cessite pour sa fabrication :<\/span><\/span><\/strong><\/p>\r\n\r\n<ul>\r\n \t<li class=\"western\" lang=\"fr-CA\"><span style=\"font-family: Calibri, sans-serif;\"><span style=\"font-size: medium;\">Environ 15 arbres<\/span><\/span><\/li>\r\n \t<li class=\"western\" lang=\"fr-CA\"><span style=\"font-family: Calibri, sans-serif;\"><span style=\"font-size: medium;\">5000 litres d\u2019eau qu\u2019il faudra ensuite traiter avant de la rejeter<\/span><\/span><\/li>\r\n<\/ul><\/p><\/div><\/div><div class=\"faq\" id=\"faq-61\"><h3 class=\"faq-question more collapsed\" data-toggle=\"collapse\" data-target=\"#faq-answer-61\" aria-expanded=\"false\" aria-controls=\"faq-answer-61\">Comment puis-je \u00eatre certain(e) de la s\u00e9curit\u00e9 et de la confidentialit\u00e9 de mes archives ?<\/h3><div class=\"faq-answer panel-collapse collapse\" id=\"faq-answer-61\"><p><p class=\"western\" lang=\"fr-CA\"><span style=\"font-family: Calibri, sans-serif;\"><span style=\"font-size: medium;\">Notre m\u00e9tier est de d\u00e9truire en toute confidentialit\u00e9 les archives qui nous sont confi\u00e9es. Pour cela, chez Recyshred, nous avons mis en \u0153uvre les m\u00e9thodes et les installations techniques les plus efficaces :<\/span><\/span><\/p>\r\n\r\n<ul>\r\n \t<li class=\"western\" lang=\"fr-CA\"><span style=\"font-family: Calibri, sans-serif;\"><span style=\"font-size: medium;\">Personnel tenu au secret professionnel<\/span><\/span><\/li>\r\n \t<li class=\"western\" lang=\"fr-CA\"><span style=\"font-family: Calibri, sans-serif;\"><span style=\"font-size: medium;\">Destruction effectu\u00e9e devant vous ou un de vos repr\u00e9sentants<\/span><\/span><\/li>\r\n \t<li class=\"western\" lang=\"fr-CA\"><span style=\"font-family: Calibri, sans-serif;\"><span style=\"font-size: medium;\">Vos archives ne quittent pas les lieux sans avoir \u00e9t\u00e9 d\u00e9truits.<\/span><\/span><\/li>\r\n \t<li class=\"western\" lang=\"fr-CA\"><span style=\"font-family: Calibri, sans-serif;\"><span style=\"font-size: medium;\">Des consoles ou bacs ferm\u00e9s avec fente sont mis \u00e0 votre disposition pour les documents confidentiels destin\u00e9s \u00e0 la destruction.<\/span><\/span><\/li>\r\n<\/ul><\/p><\/div><\/div><div class=\"faq\" id=\"faq-60\"><h3 class=\"faq-question more collapsed\" data-toggle=\"collapse\" data-target=\"#faq-answer-60\" aria-expanded=\"false\" aria-controls=\"faq-answer-60\">O\u00f9 dois-je entreposer les documents confidentiels \u00e0 d\u00e9truire ?<\/h3><div class=\"faq-answer panel-collapse collapse\" id=\"faq-answer-60\"><p><p class=\"western\" lang=\"fr-CA\"><span style=\"font-family: Calibri, sans-serif;\"><span style=\"font-size: medium;\">Si vous optez pour une de nos formules, chez Recyshred, nous mettons \u00e0 votre disposition des consoles ou bacs roulants s\u00e9curis\u00e9s afin d\u2019y jeter les documents destin\u00e9s \u00e0 la destruction.<\/span><\/span><\/p><\/p><\/div><\/div><div class=\"faq\" id=\"faq-59\"><h3 class=\"faq-question more collapsed\" data-toggle=\"collapse\" data-target=\"#faq-answer-59\" aria-expanded=\"false\" aria-controls=\"faq-answer-59\">Dois-je pr\u00e9parer mes archives avant l\u2019intervention de Recyshred ?<\/h3><div class=\"faq-answer panel-collapse collapse\" id=\"faq-answer-59\"><p><p class=\"western\" lang=\"en-US\"><span style=\"font-family: Calibri, sans-serif;\"><span style=\"font-size: medium;\"><span lang=\"fr-CA\">Non, notre agent se rend \u00e0 votre entreprise, prend les archives quel que soit leur \u00e9tat, et les apporte directement \u00e0 l\u2019unit\u00e9 mobile. Vous n\u2019avez pas besoin d\u2019enlever trombones, reliures \u00e0 boudin, etc., tout peut \u00eatre d\u00e9truit tel quel. Votre temps est pr\u00e9cieux, nos \u00e9quipements sont efficaces.<\/span><\/span><\/span><\/p><\/p><\/div><\/div><div class=\"faq\" id=\"faq-58\"><h3 class=\"faq-question more collapsed\" data-toggle=\"collapse\" data-target=\"#faq-answer-58\" aria-expanded=\"false\" aria-controls=\"faq-answer-58\">Quel est l\u2019avantage du service de Recyshred par rapport \u00e0 celui de notre fournisseur actuel ?<\/h3><div class=\"faq-answer panel-collapse collapse\" id=\"faq-answer-58\"><p><p class=\"western\" lang=\"fr-CA\"><span style=\"font-family: Calibri, sans-serif;\"><span style=\"font-size: medium;\">Recyshred poss\u00e8de une unit\u00e9 mobile de destruction en Outaouais. Ainsi, notre entreprise intervient directement chez vous pour d\u00e9truire vos archives sous la surveillance d\u2019un de vos repr\u00e9sentants. Il n\u2019y a donc aucun risque de perte de confidentialit\u00e9.<\/span><\/span><\/p><\/p><\/div><\/div><div class=\"faq\" id=\"faq-57\"><h3 class=\"faq-question more collapsed\" data-toggle=\"collapse\" data-target=\"#faq-answer-57\" aria-expanded=\"false\" aria-controls=\"faq-answer-57\">Si nous avons des documents confidentiels \u00e0 d\u00e9truire r\u00e9guli\u00e8rement, comment Recyshred intervient-il ?<\/h3><div class=\"faq-answer panel-collapse collapse\" id=\"faq-answer-57\"><p><p class=\"western\" lang=\"fr-CA\"><span style=\"font-family: Calibri, sans-serif;\"><span style=\"font-size: medium;\">Chez Recyshred, nous vous proposons des formules adapt\u00e9es \u00e0 vos besoins et \u00e0 vos exigences, que ce soit sur appel ou \u00e0 intervalles r\u00e9guliers, dont vous d\u00e9cidez de la fr\u00e9quence. De plus, nous mettons \u00e0 votre disposition des consoles ou bacs roulants s\u00e9curis\u00e9s pour que vous puissiez y d\u00e9poser vos documents confidentiels.<\/span><\/span><\/p><\/p><\/div><\/div><div class=\"faq\" id=\"faq-56\"><h3 class=\"faq-question more collapsed\" data-toggle=\"collapse\" data-target=\"#faq-answer-56\" aria-expanded=\"false\" aria-controls=\"faq-answer-56\">En combien de temps Recyshred intervient-il apr\u00e8s une demande t\u00e9l\u00e9phonique ?<\/h3><div class=\"faq-answer panel-collapse collapse\" id=\"faq-answer-56\"><p><p class=\"western\" lang=\"fr-CA\"><span style=\"font-family: Calibri, sans-serif;\"><span style=\"font-size: medium;\">Nous intervenons sur rendez-vous ou lors d\u2019une tourn\u00e9e \u00e0 Gatineau et Ottawa..<\/span><\/span><\/p><\/p><\/div><\/div><div class=\"faq\" id=\"faq-55\"><h3 class=\"faq-question more collapsed\" data-toggle=\"collapse\" data-target=\"#faq-answer-55\" aria-expanded=\"false\" aria-controls=\"faq-answer-55\">Quelles mati\u00e8res Recyshred a-t-il la capacit\u00e9 de d\u00e9truire ?<\/h3><div class=\"faq-answer panel-collapse collapse\" id=\"faq-answer-55\"><p><p class=\"western\" lang=\"fr-CA\"><span style=\"font-family: Calibri, sans-serif;\"><span style=\"font-size: medium;\">Recyshred d\u00e9truit tous les supports papiers, les classeurs de rangement, les bo\u00eetes d\u2019archivage et les supports informatiques. Nous pouvons donc d\u00e9truire la totalit\u00e9 de vos archives et documents confidentiels.<\/span><\/span><\/p><\/p><\/div><\/div><div class=\"faq\" id=\"faq-54\"><h3 class=\"faq-question more collapsed\" data-toggle=\"collapse\" data-target=\"#faq-answer-54\" aria-expanded=\"false\" aria-controls=\"faq-answer-54\">Combien de temps dois-je conserver mes documents ?<\/h3><div class=\"faq-answer panel-collapse collapse\" id=\"faq-answer-54\"><p><p class=\"western\" lang=\"fr-CA\"><span style=\"font-family: Calibri, sans-serif;\"><span style=\"font-size: medium;\"><strong>Particulier<\/strong>\r\n<\/span><\/span><span style=\"font-family: Calibri, sans-serif;\"><span style=\"font-size: medium;\">G\u00e9n\u00e9ralement, vos registres et pi\u00e8ces justificatives (y compris sur support \u00e9lectronique) doivent \u00eatre conserv\u00e9s pendant un minimum de six ans apr\u00e8s la fin de la derni\u00e8re ann\u00e9e d\u2019imposition \u00e0 laquelle ils se rapportent. Cependant, si vous avez produit une d\u00e9claration en retard, vous devez les conserver pendant les six ann\u00e9es suivant la date o\u00f9 vous avez soumis cette d\u00e9claration de revenus.<\/span><\/span><\/p>\r\n<p class=\"western\" lang=\"fr-CA\"><span style=\"font-family: Calibri, sans-serif;\"><span style=\"font-size: medium;\"><strong>Entreprise<\/strong>\r\n<\/span><\/span><span style=\"font-family: Calibri, sans-serif;\"><span style=\"font-size: medium;\">Si vous exploitez une entreprise au Qu\u00e9bec, vous devez tenir des registres. Ces documents, tout comme vos pi\u00e8ces justificatives, doivent \u00eatre conserv\u00e9s pendant six ans sur support papier ou sur support \u00e9lectronique :<\/span><\/span><\/p>\r\n\r\n<ul>\r\n \t<li class=\"western\" lang=\"fr-CA\"><span style=\"font-family: Calibri, sans-serif;\"><span style=\"font-size: medium;\">\u00e0 votre lieu d\u2019affaires ;<\/span><\/span><\/li>\r\n \t<li class=\"western\" lang=\"fr-CA\"><span style=\"font-family: Calibri, sans-serif;\"><span style=\"font-size: medium;\">\u00e0 votre r\u00e9sidence ;<\/span><\/span><\/li>\r\n \t<li class=\"western\" lang=\"fr-CA\"><span style=\"font-family: Calibri, sans-serif;\"><span style=\"font-size: medium;\">ou \u00e0 tout autre lieu d\u00e9sign\u00e9 par Revenu Qu\u00e9bec.<\/span><\/span><\/li>\r\n<\/ul>\r\n<p class=\"western\" lang=\"fr-CA\"><span style=\"font-family: Calibri, sans-serif;\"><span style=\"font-size: medium;\"><strong>Conservation des registres de carburants<\/strong>\r\n<\/span><\/span><span style=\"font-family: Calibri, sans-serif;\"><span style=\"font-size: medium;\">Vous devez conserver vos registres et l\u2019original de vos pi\u00e8ces justificatives durant six ans. Sur demande, vous devez les mettre \u00e0 la disposition de toute province ou de tout \u00c9tat ayant adh\u00e9r\u00e9 \u00e0 l\u2019Entente internationale concernant la taxe sur les carburants (IFTA).<\/span><\/span><\/p><\/p><\/div><\/div><\/div><\/div>\n<\/p><\/div>\n<p><!-- \/lc-block --><\/div>\n<p><!-- \/col -->\n\t<\/div>\n<\/div>\n<\/section>\n","protected":false},"excerpt":{"rendered":"<p>FAQ<\/p>\n","protected":false},"author":1,"featured_media":0,"parent":0,"menu_order":0,"comment_status":"closed","ping_status":"closed","template":"","meta":{"footnotes":""},"class_list":["post-18","page","type-page","status-publish","hentry"],"_links":{"self":[{"href":"https:\/\/www.recyshred.ca\/fr\/wp-json\/wp\/v2\/pages\/18","targetHints":{"allow":["GET"]}}],"collection":[{"href":"https:\/\/www.recyshred.ca\/fr\/wp-json\/wp\/v2\/pages"}],"about":[{"href":"https:\/\/www.recyshred.ca\/fr\/wp-json\/wp\/v2\/types\/page"}],"author":[{"embeddable":true,"href":"https:\/\/www.recyshred.ca\/fr\/wp-json\/wp\/v2\/users\/1"}],"replies":[{"embeddable":true,"href":"https:\/\/www.recyshred.ca\/fr\/wp-json\/wp\/v2\/comments?post=18"}],"version-history":[{"count":6,"href":"https:\/\/www.recyshred.ca\/fr\/wp-json\/wp\/v2\/pages\/18\/revisions"}],"predecessor-version":[{"id":66,"href":"https:\/\/www.recyshred.ca\/fr\/wp-json\/wp\/v2\/pages\/18\/revisions\/66"}],"wp:attachment":[{"href":"https:\/\/www.recyshred.ca\/fr\/wp-json\/wp\/v2\/media?parent=18"}],"curies":[{"name":"wp","href":"https:\/\/api.w.org\/{rel}","templated":true}]}}