{"id":2,"date":"2020-07-04T20:18:28","date_gmt":"2020-07-04T20:18:28","guid":{"rendered":"https:\/\/www.recyshred.ca\/?page_id=2"},"modified":"2025-05-29T14:34:43","modified_gmt":"2025-05-29T14:34:43","slug":"page-d-exemple","status":"publish","type":"page","link":"https:\/\/www.recyshred.ca\/fr\/","title":{"rendered":"Page d\u2019accueil"},"content":{"rendered":"<section class=\"top_container\">\n<div class=\"container\">\n<div class=\"row\">\n<div class=\"col-xl-6\">\n<div class=\"lc-block text-center text-xl-left\">\n<div editable=\"rich\">\n<h1>Chez Recyshred, nous nous chargeons du <strong>d\u00e9chiquetage<\/strong> des documents <strong>confidentiels<\/strong> de votre entreprise \u00e0 Gatineau et Ottawa<\/h1>\n<\/p><\/div>\n<\/p><\/div>\n<p><!-- \/lc-block --><\/p>\n<div class=\"lc-block text-center text-xl-left\">\n<div lc-helper=\"shortcode\" class=\"live-shortcode\"><a class=\"contact btn\" href=\"https:\/\/www.recyshred.ca\/fr\/contact\/\" aria-label=\"Obtenez un devis\">Obtenez un devis<\/a><\/div>\n<\/p><\/div>\n<p><!-- \/lc-block -->\n\t\t\t<\/div>\n<p><!-- \/col --><\/p>\n<div class=\"col-xl-6 d-none d-xl-block\">\n<div class=\"lc-block svg_bubble w-100\">\n<div lc-helper=\"shortcode\" class=\"live-shortcode\"><svg xmlns=\"http:\/\/www.w3.org\/2000\/svg\" width=\"705.611\" height=\"424.121\" viewBox=\"0 0 705.611 424.121\" class=\"w-100\"><path d=\"M1107,328.707S951.32,349.915,1002.393,513.7s306.579,151.152,493.957,224.8S1751.464,550.141,1652,428.6,1107,328.707,1107,328.707Z\" transform=\"translate(-992.104 -327.215)\" fill=\"#f8f8f8\" opacity=\"0.503\"\/><\/svg><\/div>\n<\/p><\/div>\n<p><!-- \/lc-block --><\/p>\n<div class=\"lc-block site-title-img text-center\">\n\t\t\t\t\t<img decoding=\"async\" class=\"img-fluid rounded-circle\" src=\"https:\/\/www.recyshred.ca\/wp-content\/uploads\/2020\/07\/side-title-img.jpg\" alt=\"\">\n\t\t\t\t<\/div>\n<p><!-- \/lc-block -->\n\t\t\t<\/div>\n<p><!-- \/col --><\/p>\n<div class=\"col-md-12\">\n<div class=\"lc-block down-arrow d-none d-xl-flex\">\n\t\t\t\t\t<img decoding=\"async\" class=\"img-fluid\" src=\"https:\/\/www.recyshred.ca\/wp-content\/uploads\/2020\/07\/down-arrow.png\" alt=\"\">\n\t\t\t\t<\/div>\n<p><!-- \/lc-block --><\/p>\n<div class=\"lc-block sub-titles text-center\">\n<div editable=\"rich\">\n<h2>Avez-vous des documents confidentiels \u00e0 d\u00e9truire \u00e0 Gatineau ou Ottawa?<\/h2>\n<p>Profitez d\u2019un service de d\u00e9chiquetage professionnel en  Outaouais<\/p>\n<\/p><\/div>\n<\/p><\/div>\n<p><!-- \/lc-block -->\n\t\t\t<\/div>\n<p><!-- \/col -->\n\t\t<\/div>\n<\/p><\/div>\n<\/section>\n<section class=\"main_container\">\n<div class=\"container\">\n<div class=\"row\">\n<div class=\"col-lg-8 col-xxl-6 ml-auto\">\n<div class=\"lc-block main_text\">\n<div editable=\"rich\">\n<h2>Destruction professionnelle en s\u00e9curis\u00e9e&nbsp;<\/h2>\n<p>Chez <strong>Recyshred<\/strong>, nous sommes sp\u00e9cialis\u00e9s dans la destruction de documents confidentiels et d\u2019archives pour les entreprises en institutions de toutes tailles en Outaouais et \u00e0 Ottawa. Notre service mobile vous permet de faire d\u00e9truire vos documents directement sur place gr\u00e2ce \u00e0 nos camions de d\u00e9chiquetage s\u00e9curis\u00e9s.<\/p>\n<p>Respectez vos obligations l\u00e9gales et prot\u00e9gez vos donn\u00e9es sensibles avec notre service rapide, pratique et \u00e9cologique.&nbsp;<\/p>\n<\/p><\/div>\n<\/p><\/div>\n<p><!-- \/lc-block --><\/p>\n<div class=\"lc-block\">\n<div lc-helper=\"shortcode\" class=\"live-shortcode\"><a class=\"contact btn\" href=\"https:\/\/www.recyshred.ca\/fr\/contact\/\" aria-label=\"Obtenez de l&rsquo;information\">Obtenez de l&rsquo;information<\/a><\/div>\n<\/p><\/div>\n<p><!-- \/lc-block -->\n\t\t\t<\/div>\n<p><!-- \/col --><\/p>\n<div class=\"col-lg-4 col-xxl-3 mr-auto\">\n<div class=\"lc-block d-none d-lg-block\">\n\t\t\t\t\t<img decoding=\"async\" class=\"img-fluid\" src=\"https:\/\/www.recyshred.ca\/wp-content\/uploads\/2020\/07\/istockphoto-481944542-1024x1024-1.png\" alt=\"\">\n\t\t\t\t<\/div>\n<p><!-- \/lc-block -->\n\t\t\t<\/div>\n<p><!-- \/col -->\n\t\t<\/div>\n<\/p><\/div>\n<\/section>\n<section class=\"green_container text-center\">\n<div class=\"container\">\n<div class=\"row\">\n<div class=\"col-lg-10 col-xxl-6 mx-auto\">\n<div class=\"lc-block\">\n<div editable=\"rich\">\n<h3>Pourquoi choisir <br \/>Recyshred&nbsp;?<\/h3>\n<\/div>\n<\/div>\n<p><!-- \/lc-block --><\/p>\n<div class=\"lc-block white-block\">\n<div editable=\"rich\">\n<h4>Simple et s\u00e9curitaire<\/h4>\n<p>Chez Recyshred, la confidentialit\u00e9 est notre priorit\u00e9. Nous d\u00e9truisons vos documents directement sur place, sous vos yeux, afin d&rsquo;assurer une s\u00e9curit\u00e9 maximale pour vos donn\u00e9es, celles de vos clients et de vos employ\u00e9s.<\/p>\n<\/p><\/div>\n<\/p><\/div>\n<p><!-- \/lc-block --><\/p>\n<div class=\"lc-block white-block\">\n<div editable=\"rich\">\n<h4>Rapide et efficace<\/h4>\n<p>Nos unit\u00e9s mobiles se d\u00e9placent rapidement partout en Outaouais pour d\u00e9truire des centaines de kilos de papier en seulement quelques minutes. Qu\u2019il s\u2019agisse de documents r\u00e9sidentiels ou commerciaux, Recyshred vous offre une solution fiable, pratique et professionnelle.&nbsp;<\/p>\n<\/p><\/div>\n<\/p><\/div>\n<p><!-- \/lc-block --><\/p>\n<div class=\"lc-block\">\n<div lc-helper=\"shortcode\" class=\"live-shortcode\"><a class=\"contact btn white\" href=\"https:\/\/www.recyshred.ca\/fr\/contact\/\" aria-label=\"Contactez-nous\">Contactez-nous<\/a><\/div>\n<\/p><\/div>\n<p><!-- \/lc-block -->\n\t\t\t<\/div>\n<p><!-- \/col -->\n\t\t<\/div>\n<\/p><\/div>\n<\/section>\n<section>\n<div lc-helper=\"shortcode\" class=\"live-shortcode\"><div class=\"temoignages_container\"><div class=\"container\"><div class=\"row\"><div class=\"col-12 col-lg-8 col-xl-6 col-xxl-5 mx-auto\"><div class=\"lesTemoignages\"><h5>T\u00e9moignage<\/h5><div class=\"temoignages_slider\"><div><h6>Service personnalis\u00e9, abordable, courtois, discret et fiable.<\/h6>\n<p>Pour des avocats et des notaires, la pr\u00e9servation du secret professionnel est prioritaire. Ainsi, D\u00e9carie Fortin a mandat\u00e9 Recyshred pour la destruction de nos pr\u00e9cieux documents confidentiels. Service personnalis\u00e9, abordable, courtois, discret et fiable... sans oublier l'esth\u00e9tisme de leurs petites boites et leur souci de l'environnement, sont les raisons pour lesquelles nous continuons depuis plusieurs ann\u00e9es maintenant de leur faire confiance.<br \/>\n<strong>Me Sophie-Anne D\u00e9carie, Avocate, Associ\u00e9e<\/strong><\/p>\n<\/div><div><h6>Nous nous sentons en v\u00e9ritable confiance!<\/h6>\n<div class=\"content\">\n<p>Pour PPTA, Recyshred repr\u00e9sente une valeur s\u00fbre et des gens courtois, efficaces et fiables. Nous nous sentons en v\u00e9ritable confiance!<\/p>\n<\/div>\n<div class=\"clear\"><\/div>\n<\/div><\/div><\/div><\/div><\/div><\/div><\/div><\/div>\n<\/section>\n","protected":false},"excerpt":{"rendered":"<p>Chez Recyshred, nous nous chargeons du d\u00e9chiquetage des documents confidentiels de votre entreprise \u00e0 Gatineau et Ottawa Avez-vous des documents confidentiels \u00e0 d\u00e9truire \u00e0 Gatineau ou Ottawa? Profitez d\u2019un service de d\u00e9chiquetage professionnel en Outaouais Destruction professionnelle en s\u00e9curis\u00e9e&nbsp; Chez Recyshred, nous sommes sp\u00e9cialis\u00e9s dans la destruction de documents confidentiels et d\u2019archives pour les entreprises [&hellip;]<\/p>\n","protected":false},"author":1,"featured_media":0,"parent":0,"menu_order":0,"comment_status":"closed","ping_status":"open","template":"","meta":{"footnotes":""},"class_list":["post-2","page","type-page","status-publish","hentry"],"_links":{"self":[{"href":"https:\/\/www.recyshred.ca\/fr\/wp-json\/wp\/v2\/pages\/2","targetHints":{"allow":["GET"]}}],"collection":[{"href":"https:\/\/www.recyshred.ca\/fr\/wp-json\/wp\/v2\/pages"}],"about":[{"href":"https:\/\/www.recyshred.ca\/fr\/wp-json\/wp\/v2\/types\/page"}],"author":[{"embeddable":true,"href":"https:\/\/www.recyshred.ca\/fr\/wp-json\/wp\/v2\/users\/1"}],"replies":[{"embeddable":true,"href":"https:\/\/www.recyshred.ca\/fr\/wp-json\/wp\/v2\/comments?post=2"}],"version-history":[{"count":29,"href":"https:\/\/www.recyshred.ca\/fr\/wp-json\/wp\/v2\/pages\/2\/revisions"}],"predecessor-version":[{"id":183,"href":"https:\/\/www.recyshred.ca\/fr\/wp-json\/wp\/v2\/pages\/2\/revisions\/183"}],"wp:attachment":[{"href":"https:\/\/www.recyshred.ca\/fr\/wp-json\/wp\/v2\/media?parent=2"}],"curies":[{"name":"wp","href":"https:\/\/api.w.org\/{rel}","templated":true}]}}