{"id":21,"date":"2020-07-04T20:44:53","date_gmt":"2020-07-04T20:44:53","guid":{"rendered":"https:\/\/www.recyshred.ca\/?page_id=21"},"modified":"2025-05-29T14:31:33","modified_gmt":"2025-05-29T14:31:33","slug":"contact","status":"publish","type":"page","link":"https:\/\/www.recyshred.ca\/fr\/contact\/","title":{"rendered":"Contact"},"content":{"rendered":"<p>Vous recherchez un service de d\u00e9chiquetage \u00e0 Gatineau ou en Outaouais?<br \/>\nFaites appel \u00e0 Recyshred, sp\u00e9cialiste en destruction confidentielle sur place.<\/p>\n","protected":false},"excerpt":{"rendered":"<p>Vous recherchez un service de d\u00e9chiquetage \u00e0 Gatineau ou en Outaouais? Faites appel \u00e0 Recyshred, sp\u00e9cialiste en destruction confidentielle sur place.<\/p>\n","protected":false},"author":1,"featured_media":0,"parent":0,"menu_order":0,"comment_status":"closed","ping_status":"closed","template":"page-templates\/contact.php","meta":{"footnotes":""},"class_list":["post-21","page","type-page","status-publish","hentry"],"_links":{"self":[{"href":"https:\/\/www.recyshred.ca\/fr\/wp-json\/wp\/v2\/pages\/21","targetHints":{"allow":["GET"]}}],"collection":[{"href":"https:\/\/www.recyshred.ca\/fr\/wp-json\/wp\/v2\/pages"}],"about":[{"href":"https:\/\/www.recyshred.ca\/fr\/wp-json\/wp\/v2\/types\/page"}],"author":[{"embeddable":true,"href":"https:\/\/www.recyshred.ca\/fr\/wp-json\/wp\/v2\/users\/1"}],"replies":[{"embeddable":true,"href":"https:\/\/www.recyshred.ca\/fr\/wp-json\/wp\/v2\/comments?post=21"}],"version-history":[{"count":3,"href":"https:\/\/www.recyshred.ca\/fr\/wp-json\/wp\/v2\/pages\/21\/revisions"}],"predecessor-version":[{"id":187,"href":"https:\/\/www.recyshred.ca\/fr\/wp-json\/wp\/v2\/pages\/21\/revisions\/187"}],"wp:attachment":[{"href":"https:\/\/www.recyshred.ca\/fr\/wp-json\/wp\/v2\/media?parent=21"}],"curies":[{"name":"wp","href":"https:\/\/api.w.org\/{rel}","templated":true}]}}